{"id":92,"date":"2011-12-16T13:17:48","date_gmt":"2011-12-16T13:17:48","guid":{"rendered":"http:\/\/modele-regionales.apbg.org\/?page_id=2"},"modified":"2026-02-10T19:22:39","modified_gmt":"2026-02-10T18:22:39","slug":"organigramme","status":"publish","type":"page","link":"https:\/\/bordeaux.apbg.fr\/?page_id=92","title":{"rendered":"Organigramme"},"content":{"rendered":"\n<p><strong><span style=\"color: #800080\"><span style=\"text-decoration: underline\">Membres du bureau r\u00e9gional&nbsp;<\/span><\/span><\/strong><strong><em>&nbsp;apbg.bordeaux@gmail.com<\/em><\/strong><\/p>\n\n\n\n<p><strong><em><span style=\"font-family: Arial, sans-serif\"><span style=\"font-size: small\"><span lang=\"fr-FR\"><span style=\"text-decoration: underline\">Pr\u00e9sident<\/span><\/span><span lang=\"fr-FR\">&nbsp;: Marc JUBAULT-BREGLER<\/span><\/span><\/span><\/em><\/strong><\/p>\n\n\n\n<p><strong><em><span style=\"font-family: Arial, sans-serif\"><span style=\"font-size: small\"><span lang=\"fr-FR\"><span style=\"text-decoration: underline\">Vice-Pr\u00e9sident<\/span><\/span><span lang=\"fr-FR\">&nbsp;: Andr\u00e9 LARRALDE<\/span><\/span><\/span><\/em><\/strong><\/p>\n\n\n\n<p><strong><em><span style=\"font-family: Arial, sans-serif\"><span style=\"font-size: small\"><span lang=\"fr-FR\"><span style=\"text-decoration: underline\">Secr\u00e9taire&nbsp;et responsable du site-web<\/span><\/span><span lang=\"fr-FR\">&nbsp;:&nbsp;Serge PASCUAL<\/span><\/span><\/span><\/em><\/strong><\/p>\n\n\n\n<p><strong><em><span style=\"font-family: Arial, sans-serif\"><span style=\"font-size: small\"><span lang=\"fr-FR\"><span style=\"text-decoration: underline\">Tr\u00e9sori\u00e8re<\/span><\/span><span lang=\"fr-FR\"> : Emmanuelle PANTALLA<\/span><\/span><\/span><\/em><\/strong><\/p>\n\n\n\n<p><em><span style=\"font-family: Arial, sans-serif\"><span style=\"font-size: small\"><span lang=\"fr-FR\"><span style=\"text-decoration: underline\"><b>D\u00e9l\u00e9gations<\/b><\/span><\/span><span lang=\"fr-FR\">&nbsp;: <\/span><\/span><\/span><\/em><\/p>\n\n\n\n<p><em><span style=\"font-family: Arial, sans-serif\"><span style=\"font-size: small\"><strong><span lang=\"fr-FR\">&nbsp; &nbsp; &nbsp;Pour les <\/span><span lang=\"fr-FR\"><span style=\"text-decoration: underline\">Comit\u00e9s Nationaux<\/span><\/span><\/strong><span lang=\"fr-FR\"><strong>&nbsp;:<\/strong> <\/span><\/span><\/span><\/em><\/p>\n\n\n\n<p><em><span style=\"font-family: Arial, sans-serif\"><span style=\"font-size: small\"><span lang=\"fr-FR\">&nbsp; &nbsp; &nbsp; &nbsp; &nbsp; &nbsp; &nbsp; &nbsp; <strong>&nbsp;Titulaires&nbsp;:&nbsp;Marc JUBAULT-BREGLER <\/strong><\/span><\/span><\/span><\/em><\/p>\n\n\n\n<p><span style=\"font-size: small\"><strong><em><span style=\"font-family: Arial, sans-serif\"><span lang=\"fr-FR\">&nbsp; &nbsp; &nbsp; &nbsp; &nbsp; &nbsp; &nbsp; &nbsp; &nbsp; &nbsp; &nbsp; &nbsp; &nbsp; &nbsp; &nbsp; &nbsp; &nbsp; &nbsp; &nbsp; &nbsp; Emmanuelle PANTALLA<\/span><\/span><\/em><\/strong><\/span><\/p>\n\n\n\n<p><span style=\"font-size: small\"><strong><em><span style=\"font-family: Arial, sans-serif\"><span lang=\"fr-FR\">&nbsp; &nbsp; &nbsp; &nbsp; &nbsp; &nbsp; &nbsp; &nbsp; &nbsp; Suppl\u00e9ant : Serge PASCUAL<\/span><\/span><\/em><\/strong><\/span><\/p>\n\n\n\n<p><em><span style=\"font-family: Arial, sans-serif\"><span style=\"font-size: small\"><strong>&nbsp; &nbsp; &nbsp;Pour les <span lang=\"fr-FR\"><span style=\"text-decoration: underline\">Commissions P\u00e9dagogiques Nationales<\/span><\/span><\/strong><span lang=\"fr-FR\"><strong>&nbsp; (Coll\u00e8ge et\/ou Lyc\u00e9e) :&nbsp;<\/strong><\/span><\/span><\/span><\/em><\/p>\n\n\n\n<p><span style=\"font-size: small\"><strong><em><span style=\"font-family: Arial, sans-serif\"><span lang=\"fr-FR\">&nbsp; &nbsp; &nbsp; &nbsp; &nbsp; &nbsp;Emmanuelle PANTALLA&nbsp;<\/span><\/span><\/em><\/strong><\/span><\/p>\n\n\n\n<p><span style=\"font-size: small\"><strong><em><span style=\"font-family: Arial, sans-serif\"><span lang=\"fr-FR\">&nbsp; &nbsp; &nbsp; &nbsp; &nbsp; &nbsp; &nbsp; Andr\u00e9 LARRALDE<\/span><\/span><\/em><\/strong><\/span><\/p>\n\n\n\n<p><em><span style=\"font-family: Arial, sans-serif\"><span style=\"font-size: small\"><span lang=\"fr-FR\">&nbsp; &nbsp; &nbsp; &nbsp; &nbsp; &nbsp;<\/span><\/span><\/span><\/em><\/p>\n","protected":false},"excerpt":{"rendered":"<p>Membres du bureau r\u00e9gional&nbsp;&nbsp;apbg.bordeaux@gmail.com Pr\u00e9sident&nbsp;: Marc JUBAULT-BREGLER Vice-Pr\u00e9sident&nbsp;: Andr\u00e9 LARRALDE Secr\u00e9taire&nbsp;et responsable du site-web&nbsp;:&nbsp;Serge PASCUAL Tr\u00e9sori\u00e8re : Emmanuelle PANTALLA D\u00e9l\u00e9gations&nbsp;:<\/p>\n","protected":false},"author":1,"featured_media":0,"parent":0,"menu_order":20,"comment_status":"closed","ping_status":"closed","template":"","meta":{"colormag_page_container_layout":"default_layout","colormag_page_sidebar_layout":"default_layout","footnotes":""},"class_list":["post-92","page","type-page","status-publish","hentry"],"_links":{"self":[{"href":"https:\/\/bordeaux.apbg.fr\/index.php?rest_route=\/wp\/v2\/pages\/92","targetHints":{"allow":["GET"]}}],"collection":[{"href":"https:\/\/bordeaux.apbg.fr\/index.php?rest_route=\/wp\/v2\/pages"}],"about":[{"href":"https:\/\/bordeaux.apbg.fr\/index.php?rest_route=\/wp\/v2\/types\/page"}],"author":[{"embeddable":true,"href":"https:\/\/bordeaux.apbg.fr\/index.php?rest_route=\/wp\/v2\/users\/1"}],"replies":[{"embeddable":true,"href":"https:\/\/bordeaux.apbg.fr\/index.php?rest_route=%2Fwp%2Fv2%2Fcomments&post=92"}],"version-history":[{"count":1,"href":"https:\/\/bordeaux.apbg.fr\/index.php?rest_route=\/wp\/v2\/pages\/92\/revisions"}],"predecessor-version":[{"id":399,"href":"https:\/\/bordeaux.apbg.fr\/index.php?rest_route=\/wp\/v2\/pages\/92\/revisions\/399"}],"wp:attachment":[{"href":"https:\/\/bordeaux.apbg.fr\/index.php?rest_route=%2Fwp%2Fv2%2Fmedia&parent=92"}],"curies":[{"name":"wp","href":"https:\/\/api.w.org\/{rel}","templated":true}]}}