{"id":93,"date":"2011-12-16T13:22:41","date_gmt":"2011-12-16T13:22:41","guid":{"rendered":"http:\/\/modele-regionales.apbg.org\/?page_id=6"},"modified":"2026-02-10T19:41:40","modified_gmt":"2026-02-10T18:41:40","slug":"activites","status":"publish","type":"page","link":"https:\/\/bordeaux.apbg.fr\/?page_id=93","title":{"rendered":"Activit\u00e9s"},"content":{"rendered":"<div class=\"wp-block-archives-dropdown wp-block-archives\"><label for=\"wp-block-archives-1\" class=\"wp-block-archives__label\">Archives<\/label>\n\t\t<select id=\"wp-block-archives-1\" name=\"archive-dropdown\">\n\t\t<option value=\"\">S\u00e9lectionner l\u2019ann\u00e9e<\/option>\t<option value='https:\/\/bordeaux.apbg.fr\/?m=2024'> 2024 <\/option>\n\t<option value='https:\/\/bordeaux.apbg.fr\/?m=2018'> 2018 <\/option>\n\t<option value='https:\/\/bordeaux.apbg.fr\/?m=2017'> 2017 <\/option>\n\t<option value='https:\/\/bordeaux.apbg.fr\/?m=2016'> 2016 <\/option>\n\t<option value='https:\/\/bordeaux.apbg.fr\/?m=2015'> 2015 <\/option>\n\t<option value='https:\/\/bordeaux.apbg.fr\/?m=2014'> 2014 <\/option>\n\t<option value='https:\/\/bordeaux.apbg.fr\/?m=2013'> 2013 <\/option>\n\t<option value='https:\/\/bordeaux.apbg.fr\/?m=2012'> 2012 <\/option>\n<\/select><script type=\"text\/javascript\">\n\/* <![CDATA[ *\/\n( ( [ dropdownId, homeUrl ] ) => {\n\t\tconst dropdown = document.getElementById( dropdownId );\n\t\tfunction onSelectChange() {\n\t\t\tsetTimeout( () => {\n\t\t\t\tif ( 'escape' === dropdown.dataset.lastkey ) {\n\t\t\t\t\treturn;\n\t\t\t\t}\n\t\t\t\tif ( dropdown.value ) {\n\t\t\t\t\tlocation.href = dropdown.value;\n\t\t\t\t}\n\t\t\t}, 250 );\n\t\t}\n\t\tfunction onKeyUp( event ) {\n\t\t\tif ( 'Escape' === event.key ) {\n\t\t\t\tdropdown.dataset.lastkey = 'escape';\n\t\t\t} else {\n\t\t\t\tdelete dropdown.dataset.lastkey;\n\t\t\t}\n\t\t}\n\t\tfunction onClick() {\n\t\t\tdelete dropdown.dataset.lastkey;\n\t\t}\n\t\tdropdown.addEventListener( 'keyup', onKeyUp );\n\t\tdropdown.addEventListener( 'click', onClick );\n\t\tdropdown.addEventListener( 'change', onSelectChange );\n\t} )( [\"wp-block-archives-1\",\"https:\/\/bordeaux.apbg.fr\"] );\n\/\/# sourceURL=block_core_archives_build_dropdown_script\n\/* ]]> *\/\n<\/script>\n<\/div>\n\n\n<hr class=\"wp-block-separator has-alpha-channel-opacity\"\/>\n\n\n<ul class=\"wp-block-latest-posts__list wp-block-latest-posts\"><li><div class=\"wp-block-latest-posts__featured-image alignleft\"><img loading=\"lazy\" decoding=\"async\" width=\"150\" height=\"148\" src=\"https:\/\/bordeaux.apbg.fr\/wp-content\/uploads\/2026\/02\/EGU-150x148.png\" class=\"attachment-thumbnail size-thumbnail wp-post-image\" alt=\"\" style=\"\" \/><\/div><a class=\"wp-block-latest-posts__post-title\" href=\"https:\/\/bordeaux.apbg.fr\/?p=384\">Mercredi 18 d\u00e9cembre 2024 : activit\u00e9s \u00ab\u00a0g\u00e9ologie\u00a0\u00bb coll\u00e8ge-Lyc\u00e9e<\/a><div class=\"wp-block-latest-posts__post-excerpt\">Pour c\u00e9l\u00e9brer cette ann\u00e9e des g\u00e9osciences, le mercredi 18 d\u00e9cembre de 14h \u00e0 17h au lyc\u00e9e Montaigne \u00e0 Bordeaux, l\u2019\u00e9quipe de la R\u00e9gionale APBG de Bordeaux vous propose une demi-journ\u00e9e autour d\u2019activit\u00e9 sur des th\u00e9matiques de g\u00e9ologie en coll\u00e8ge et lyc\u00e9e. Ces activit\u00e9s sont anim\u00e9es par Carole Larose, repr\u00e9sentante de l\u2019union europ\u00e9enne des g\u00e9osciences dont<\/div><\/li>\n<li><div class=\"wp-block-latest-posts__featured-image alignleft\"><img loading=\"lazy\" decoding=\"async\" width=\"150\" height=\"150\" src=\"https:\/\/bordeaux.apbg.fr\/wp-content\/uploads\/2026\/02\/Logo_APBG_Bordeaux_8-150x150.jpeg\" class=\"attachment-thumbnail size-thumbnail wp-post-image\" alt=\"\" style=\"\" \/><\/div><a class=\"wp-block-latest-posts__post-title\" href=\"https:\/\/bordeaux.apbg.fr\/?p=361\">Conf\u00e9rence Origami d&rsquo;ADN<\/a><div class=\"wp-block-latest-posts__post-excerpt\">Conf\u00e9rence ORIGAMI D\u2019ADN par Juan ELEZGARAY Directeur de recherche CNRS. Institut de chimie et de biologie des membranes et des nanoobjets (CNBM) &nbsp; Mercredi 7 Novembre 2018 14h30 Universit\u00e9 de Bordeaux Salle 101 B\u00e2timent B6 &nbsp; &nbsp;<\/div><\/li>\n<li><div class=\"wp-block-latest-posts__featured-image alignleft\"><img loading=\"lazy\" decoding=\"async\" width=\"150\" height=\"150\" src=\"https:\/\/bordeaux.apbg.fr\/wp-content\/uploads\/2026\/02\/Logo_APBG_Bordeaux_8-150x150.jpeg\" class=\"attachment-thumbnail size-thumbnail wp-post-image\" alt=\"\" style=\"\" \/><\/div><a class=\"wp-block-latest-posts__post-title\" href=\"https:\/\/bordeaux.apbg.fr\/?p=351\">Election du bureau r\u00e9gional<\/a><div class=\"wp-block-latest-posts__post-excerpt\">L&rsquo;\u00e9lection du Bureau r\u00e9gional APBG aura lieu au cours de l&rsquo;assembl\u00e9e g\u00e9n\u00e9rale, le mercredi 13 d\u00e9cembre \u00e0 14H au local APBG situ\u00e9 au b\u00e2timent B6 de l&rsquo;Universit\u00e9 de Bordeaux. Vous trouverez la liste des candidats ci-jointe. Modalit\u00e9s de vote \u00a0\u00a0Vote par courrier postal Si vous choisissez cette option, votre vote doit me parvenir, au plus<\/div><\/li>\n<li><div class=\"wp-block-latest-posts__featured-image alignleft\"><img loading=\"lazy\" decoding=\"async\" width=\"150\" height=\"150\" src=\"https:\/\/bordeaux.apbg.fr\/wp-content\/uploads\/2026\/02\/Logo_APBG_Bordeaux_8-150x150.jpeg\" class=\"attachment-thumbnail size-thumbnail wp-post-image\" alt=\"\" style=\"\" \/><\/div><a class=\"wp-block-latest-posts__post-title\" href=\"https:\/\/bordeaux.apbg.fr\/?p=348\">Conf\u00e9rence Jean Pierre RENAUDIN<\/a><div class=\"wp-block-latest-posts__post-excerpt\">Conf\u00e9rence de Jean Pierre RENAUDIN,\u00a0professeur Universit\u00e9 de Bordeaux et Laboratoire Biologie du fruit et Pathologies (UMR 1332 INRA-Universit\u00e9) B\u00e2timent B6 Universit\u00e9 de Bordeaux Mercredi 13 D\u00e9cembre 2017 15H Le fruit, les fruits : Des fonctions essentielles pour des ph\u00e9notypes multiples. O\u00f9 en est la recherche ?\u00a0Le fruit\u00a0des Angiospermes\u00a0est\u00a0l\u2019un\u00a0de leurs caract\u00e8res d\u00e9riv\u00e9s les plus\u00a0importants,\u00a0 essentiel \u00e0\u00a0leur<\/div><\/li>\n<li><div class=\"wp-block-latest-posts__featured-image alignleft\"><img loading=\"lazy\" decoding=\"async\" width=\"150\" height=\"150\" src=\"https:\/\/bordeaux.apbg.fr\/wp-content\/uploads\/2026\/02\/Logo_APBG_Bordeaux_8-150x150.jpeg\" class=\"attachment-thumbnail size-thumbnail wp-post-image\" alt=\"\" style=\"\" \/><\/div><a class=\"wp-block-latest-posts__post-title\" href=\"https:\/\/bordeaux.apbg.fr\/?p=335\">Visite \u00ab\u00a0valorisation des d\u00e9chets\u00a0\u00bb &#8211; M\u00e9rignac, le mercredi 4 octobre 2017<\/a><div class=\"wp-block-latest-posts__post-excerpt\">Cher(e)s coll\u00e8gues, La r\u00e9gionale APBG de Bordeaux reprend contact avec vous et vous invite \u00e0 participer \u00e0 &nbsp;la visite d\u2019un des sites du&nbsp;Groupe Pena&nbsp;sp\u00e9cialiste de la&nbsp;valorisation des d\u00e9chets&nbsp;par leur tri, leur recyclage et leur transformation. Retenez la date du&nbsp;mercredi 4 octobre, la visite aura lieu l\u2019apr\u00e8s midi \u00e0 14h30,&nbsp;26&nbsp;chemin de la Poudri\u00e8re&nbsp;\u00e0 M\u00e9rignac. Les inscriptions<\/div><\/li>\n<\/ul>","protected":false},"excerpt":{"rendered":"","protected":false},"author":1,"featured_media":0,"parent":0,"menu_order":10,"comment_status":"closed","ping_status":"closed","template":"","meta":{"colormag_page_container_layout":"default_layout","colormag_page_sidebar_layout":"default_layout","footnotes":""},"class_list":["post-93","page","type-page","status-publish","hentry"],"_links":{"self":[{"href":"https:\/\/bordeaux.apbg.fr\/index.php?rest_route=\/wp\/v2\/pages\/93","targetHints":{"allow":["GET"]}}],"collection":[{"href":"https:\/\/bordeaux.apbg.fr\/index.php?rest_route=\/wp\/v2\/pages"}],"about":[{"href":"https:\/\/bordeaux.apbg.fr\/index.php?rest_route=\/wp\/v2\/types\/page"}],"author":[{"embeddable":true,"href":"https:\/\/bordeaux.apbg.fr\/index.php?rest_route=\/wp\/v2\/users\/1"}],"replies":[{"embeddable":true,"href":"https:\/\/bordeaux.apbg.fr\/index.php?rest_route=%2Fwp%2Fv2%2Fcomments&post=93"}],"version-history":[{"count":2,"href":"https:\/\/bordeaux.apbg.fr\/index.php?rest_route=\/wp\/v2\/pages\/93\/revisions"}],"predecessor-version":[{"id":437,"href":"https:\/\/bordeaux.apbg.fr\/index.php?rest_route=\/wp\/v2\/pages\/93\/revisions\/437"}],"wp:attachment":[{"href":"https:\/\/bordeaux.apbg.fr\/index.php?rest_route=%2Fwp%2Fv2%2Fmedia&parent=93"}],"curies":[{"name":"wp","href":"https:\/\/api.w.org\/{rel}","templated":true}]}}